{"id":343,"date":"2025-03-17T13:03:48","date_gmt":"2025-03-17T10:03:48","guid":{"rendered":"https:\/\/femeros.siparisci.com\/?post_type=product&#038;p=343"},"modified":"2025-03-17T13:03:49","modified_gmt":"2025-03-17T10:03:49","slug":"lubrica","status":"publish","type":"product","link":"https:\/\/femeros.com\/?product=lubrica","title":{"rendered":"LUBRICA"},"content":{"rendered":"<p>Hem femeros oyuncaklar\u0131n\u0131zla, hem de partnerinizle g\u00fcvenle kullanabilece\u011finiz, femeros imzal\u0131 su bazl\u0131 kayganla\u015ft\u0131r\u0131c\u0131. \u015eimdi 100 ml\u2019lik yeni pompa kapakl\u0131 \u015fi\u015fesinde!<\/p>\n","protected":false},"excerpt":{"rendered":"<p>Hem femeros oyuncaklar\u0131n\u0131zla, hem de partnerinizle g\u00fcvenle kullanabilece\u011finiz, femeros imzal\u0131 su bazl\u0131 kayganla\u015ft\u0131r\u0131c\u0131. \u015eimdi 100 ml\u2019lik yeni pompa kapakl\u0131 \u015fi\u015fesinde!<\/p>\n","protected":false},"featured_media":54,"comment_status":"open","ping_status":"closed","template":"","meta":[],"product_brand":[],"product_cat":[49],"product_tag":[50,51,52],"class_list":{"0":"post-343","1":"product","2":"type-product","3":"status-publish","4":"has-post-thumbnail","6":"product_cat-misc","7":"product_tag-kayganlastirici","8":"product_tag-lubricant","9":"product_tag-misc","11":"first","12":"instock","13":"taxable","14":"shipping-taxable","15":"purchasable","16":"product-type-simple"},"jetpack_sharing_enabled":true,"_links":{"self":[{"href":"https:\/\/femeros.com\/index.php?rest_route=\/wp\/v2\/product\/343","targetHints":{"allow":["GET"]}}],"collection":[{"href":"https:\/\/femeros.com\/index.php?rest_route=\/wp\/v2\/product"}],"about":[{"href":"https:\/\/femeros.com\/index.php?rest_route=\/wp\/v2\/types\/product"}],"replies":[{"embeddable":true,"href":"https:\/\/femeros.com\/index.php?rest_route=%2Fwp%2Fv2%2Fcomments&post=343"}],"wp:featuredmedia":[{"embeddable":true,"href":"https:\/\/femeros.com\/index.php?rest_route=\/wp\/v2\/media\/54"}],"wp:attachment":[{"href":"https:\/\/femeros.com\/index.php?rest_route=%2Fwp%2Fv2%2Fmedia&parent=343"}],"wp:term":[{"taxonomy":"product_brand","embeddable":true,"href":"https:\/\/femeros.com\/index.php?rest_route=%2Fwp%2Fv2%2Fproduct_brand&post=343"},{"taxonomy":"product_cat","embeddable":true,"href":"https:\/\/femeros.com\/index.php?rest_route=%2Fwp%2Fv2%2Fproduct_cat&post=343"},{"taxonomy":"product_tag","embeddable":true,"href":"https:\/\/femeros.com\/index.php?rest_route=%2Fwp%2Fv2%2Fproduct_tag&post=343"}],"curies":[{"name":"wp","href":"https:\/\/api.w.org\/{rel}","templated":true}]}}